{"id":1213,"date":"2022-08-03T01:29:14","date_gmt":"2022-08-03T01:29:14","guid":{"rendered":"https:\/\/graficaartealegria.com\/?post_type=product&#038;p=1213"},"modified":"2026-02-22T15:43:07","modified_gmt":"2026-02-22T15:43:07","slug":"cartoes-fidelidade","status":"publish","type":"product","link":"https:\/\/graficaartealegria.com\/?product=cartoes-fidelidade","title":{"rendered":"CART\u00d5ES FIDELIDADE"},"content":{"rendered":"<blockquote>\n<p style=\"text-align: center;\" align=\"center\"><strong><em> Cart\u00f5es Fidelidade <!--more--><\/em><\/strong><\/p>\n<p>Para fidelizar seus clientes, de um brinde depois de uma certa quantidade de compras !<br \/>\n<strong>Informa\u00e7\u00f5es T\u00e9cnicas do produto:<\/strong><\/p>\n<p><strong>Tipo de Material:<\/strong> Couch\u00e9 Fosco 300g ou Cart\u00e3o 300g<\/p>\n<p><strong>Gramatura:<\/strong> 250 ou 300g<\/p>\n<p><strong>Impress\u00e3o:<\/strong> Frente e Verso<\/p>\n<p><strong>Arte:<\/strong> A arte \u00e9 feita de forma personalizada, com o desenho que voc\u00ea desejar.<\/p>\n<p><strong>Tamanho:<\/strong> 8,8 x 5,08 cm<\/p>\n<p>PARA MAIS INFORMA\u00c7\u00d5ES SOBRE O PRODUTO,\u00a0 <a href=\"https:\/\/graficaartealegria.com\/?p=5784\"><strong>CLICK AQUI<\/strong><\/a><\/p><\/blockquote>\n","protected":false},"excerpt":{"rendered":"<p><strong><em>Cart\u00f5es Fidelidade<\/em><\/strong>: Este tipo de cart\u00e3o, tem objetivo promocional, onde a cada determinada quantidade de compras, o cliente ganha um brinde. Este tipo de cart\u00e3o, via de regra, \u00e9 um cart\u00e3o de impress\u00e3o de frente e verso. Em uma das faces, \u00e9 feita a contagem das compras. Ideal para fidelizar o cliente e promover mais vendas.<\/p>\n","protected":false},"featured_media":6139,"comment_status":"open","ping_status":"closed","template":"","meta":{"_monsterinsights_skip_tracking":false,"_monsterinsights_sitenote_active":false,"_monsterinsights_sitenote_note":"","_monsterinsights_sitenote_category":0},"product_cat":[310,577,16],"product_tag":[578,581,580,582,579],"class_list":{"0":"post-1213","1":"product","2":"type-product","3":"status-publish","4":"has-post-thumbnail","6":"product_cat-cartao-de-visita","7":"product_cat-cartao-fidelidade","8":"product_cat-cartoes","9":"product_tag-cartao-fidelidade","10":"product_tag-cartao-fidelidade-personalizado","11":"product_tag-cartao-promocional","12":"product_tag-fidelidade","13":"product_tag-fidelizacao-de-clientes","15":"first","16":"instock","17":"taxable","18":"shipping-taxable","19":"product-type-external","20":"col-xs-6 col-sm-4","21":"col-mf-5","22":"un-5-cols"},"aioseo_notices":[],"jetpack_sharing_enabled":true,"_links":{"self":[{"href":"https:\/\/graficaartealegria.com\/index.php?rest_route=\/wp\/v2\/product\/1213","targetHints":{"allow":["GET"]}}],"collection":[{"href":"https:\/\/graficaartealegria.com\/index.php?rest_route=\/wp\/v2\/product"}],"about":[{"href":"https:\/\/graficaartealegria.com\/index.php?rest_route=\/wp\/v2\/types\/product"}],"replies":[{"embeddable":true,"href":"https:\/\/graficaartealegria.com\/index.php?rest_route=%2Fwp%2Fv2%2Fcomments&post=1213"}],"wp:featuredmedia":[{"embeddable":true,"href":"https:\/\/graficaartealegria.com\/index.php?rest_route=\/wp\/v2\/media\/6139"}],"wp:attachment":[{"href":"https:\/\/graficaartealegria.com\/index.php?rest_route=%2Fwp%2Fv2%2Fmedia&parent=1213"}],"wp:term":[{"taxonomy":"product_cat","embeddable":true,"href":"https:\/\/graficaartealegria.com\/index.php?rest_route=%2Fwp%2Fv2%2Fproduct_cat&post=1213"},{"taxonomy":"product_tag","embeddable":true,"href":"https:\/\/graficaartealegria.com\/index.php?rest_route=%2Fwp%2Fv2%2Fproduct_tag&post=1213"}],"curies":[{"name":"wp","href":"https:\/\/api.w.org\/{rel}","templated":true}]}}