{"id":1214,"date":"2022-08-03T01:31:05","date_gmt":"2022-08-03T01:31:05","guid":{"rendered":"https:\/\/graficaartealegria.com\/?post_type=product&#038;p=1214"},"modified":"2026-02-22T15:43:07","modified_gmt":"2026-02-22T15:43:07","slug":"cartoes-de-agradecimento","status":"publish","type":"product","link":"https:\/\/graficaartealegria.com\/?product=cartoes-de-agradecimento","title":{"rendered":"CART\u00d5ES DE AGRADECIMENTO PERSONALIZADO"},"content":{"rendered":"<blockquote>\n<p style=\"text-align: center;\" align=\"center\"><strong><em> Cart\u00f5es de Agradecimento<!--more--><\/em><\/strong><\/p>\n<p>Demonstre todo o seu carinho pelo seu cliente, trazendo boas lembran\u00e7as do seu produto.<br \/>\n<strong>Informa\u00e7\u00f5es T\u00e9cnicas do produto:<\/strong><\/p>\n<p><strong>Tipo de Material:<\/strong> Couch\u00e9 Fosco 300g ou Cart\u00e3o 300g<\/p>\n<p><strong>Gramatura:<\/strong> 300g<\/p>\n<p><strong>Arte:<\/strong> A arte \u00e9 feita de forma personalizada, com o desenho que voc\u00ea desejar.<\/p>\n<p><strong>Tamanho: <\/strong>Vari\u00e1vel, podemos fazer em de 5 x 5 cm at\u00e9 25 x 35 cm<\/p><\/blockquote>\n","protected":false},"excerpt":{"rendered":"<p><strong><em>Cart\u00f5es de Agradecimento<\/em><\/strong>: s\u00e3o a melhor maneira de se demonstrar carinho pelo seu cliente!!!! \u00c9 com ele que o cliente se sente acolhido e mais pr\u00f3ximo. Normalmente \u00e9 feito com cores suaves e frases motivacionais ou convidativas para futuras compras, s\u00e3o enviados juntos com o produto adquirido, dentro ou fora do pacote.<\/p>\n","protected":false},"featured_media":1230,"comment_status":"open","ping_status":"closed","template":"","meta":{"_monsterinsights_skip_tracking":false,"_monsterinsights_sitenote_active":false,"_monsterinsights_sitenote_note":"","_monsterinsights_sitenote_category":0},"product_cat":[310,16],"product_tag":[42,43,40,41,44],"class_list":{"0":"post-1214","1":"product","2":"type-product","3":"status-publish","4":"has-post-thumbnail","6":"product_cat-cartao-de-visita","7":"product_cat-cartoes","8":"product_tag-agradecimento-ao-cliente","9":"product_tag-carinho-pelo-cliente","10":"product_tag-cartoes-de-agradecimento","11":"product_tag-mimo-para-cliente","12":"product_tag-tag-de-agradecimento","14":"first","15":"instock","16":"taxable","17":"shipping-taxable","18":"product-type-external","19":"col-xs-6 col-sm-4","20":"col-mf-5","21":"un-5-cols"},"aioseo_notices":[],"jetpack_sharing_enabled":true,"_links":{"self":[{"href":"https:\/\/graficaartealegria.com\/index.php?rest_route=\/wp\/v2\/product\/1214","targetHints":{"allow":["GET"]}}],"collection":[{"href":"https:\/\/graficaartealegria.com\/index.php?rest_route=\/wp\/v2\/product"}],"about":[{"href":"https:\/\/graficaartealegria.com\/index.php?rest_route=\/wp\/v2\/types\/product"}],"replies":[{"embeddable":true,"href":"https:\/\/graficaartealegria.com\/index.php?rest_route=%2Fwp%2Fv2%2Fcomments&post=1214"}],"wp:featuredmedia":[{"embeddable":true,"href":"https:\/\/graficaartealegria.com\/index.php?rest_route=\/wp\/v2\/media\/1230"}],"wp:attachment":[{"href":"https:\/\/graficaartealegria.com\/index.php?rest_route=%2Fwp%2Fv2%2Fmedia&parent=1214"}],"wp:term":[{"taxonomy":"product_cat","embeddable":true,"href":"https:\/\/graficaartealegria.com\/index.php?rest_route=%2Fwp%2Fv2%2Fproduct_cat&post=1214"},{"taxonomy":"product_tag","embeddable":true,"href":"https:\/\/graficaartealegria.com\/index.php?rest_route=%2Fwp%2Fv2%2Fproduct_tag&post=1214"}],"curies":[{"name":"wp","href":"https:\/\/api.w.org\/{rel}","templated":true}]}}