{"id":1221,"date":"2022-08-03T01:59:02","date_gmt":"2022-08-03T01:59:02","guid":{"rendered":"https:\/\/graficaartealegria.com\/?post_type=product&#038;p=1221"},"modified":"2026-02-22T15:21:18","modified_gmt":"2026-02-22T15:21:18","slug":"bloco-de-anotacoes-07-x-10-cm","status":"publish","type":"product","link":"https:\/\/graficaartealegria.com\/?product=bloco-de-anotacoes-07-x-10-cm","title":{"rendered":"BLOCO DE ANOTA\u00c7\u00d5ES 07 X 10 CM"},"content":{"rendered":"<blockquote>\n<p style=\"text-align: center;\" align=\"center\"><strong><em> Bloco de Anota\u00e7\u00f5es <!--more--><\/em><\/strong><\/p>\n<p>Utilizado quando voc\u00ea quer dar uma guia ao seu cliente, ou quando voc\u00ea quer fazer anota\u00e7\u00f5es r\u00e1pidas.<\/p>\n<p><strong>Informa\u00e7\u00f5es T\u00e9cnicas do produto:<\/strong><\/p>\n<p><strong>Tipo de Material:<\/strong> Sulfite 75g , Sulfite 90g, Sulfite 120g ou Reciclado 90g<\/p>\n<p><strong>Gramatura:<\/strong> 75g , 90g ou 120g<\/p>\n<p><strong>Impress\u00e3o:<\/strong> Frente<\/p>\n<p><strong>Quantidade de folhas por bloco:<\/strong> 100<\/p>\n<p><strong> Impresso em: <\/strong> Preto e branco ou Preto e mais uma cor a sua escolha<\/p>\n<p><strong>Arte:<\/strong> A arte \u00e9 feita de forma personalizada, com o desenho que voc\u00ea desejar. Neste caso, fazemos c\u00f3pias de artes pr\u00e9 existentes.<\/p>\n<p><strong>Tamanho:<\/strong> 7 x 10 cm<\/p>\n<p>PARA MAIS INFORMA\u00c7\u00d5ES SOBRE O PRODUTO,\u00a0 <a href=\"https:\/\/graficaartealegria.com\/?p=5938\"><strong>CLICK AQUI<\/strong><\/a><\/p><\/blockquote>\n","protected":false},"excerpt":{"rendered":"<p><strong><em>Blocos de Anota\u00e7\u00f5es<\/em><\/strong>: As vezes, voc\u00ea deseja dar ao seu cliente um meio para que tenha todas as informa\u00e7\u00f5es do produto que ele comprou, para que ele possa voltar e retirar o seu produto, ou at\u00e9 mesmo usar como formul\u00e1rio para preenchimento em uma cl\u00ednica ou reparti\u00e7\u00e3o. Estas s\u00e3o algumas das das finalidades para os BLOCOS DE ANOTA\u00c7\u00d5ES. Nossos blocos podem ser feitos em papel reciclado ou sulfite, mas o que importa mesmo, \u00e9 que voc\u00ea ter\u00e1 o produto com a arte que voc\u00ea desejar. Pois aqui, fazemos tudo ao seu modo.<\/p>\n","protected":false},"featured_media":5291,"comment_status":"open","ping_status":"closed","template":"","meta":{"_monsterinsights_skip_tracking":false,"_monsterinsights_sitenote_active":false,"_monsterinsights_sitenote_note":"","_monsterinsights_sitenote_category":0},"product_cat":[309,445],"product_tag":[],"class_list":{"0":"post-1221","1":"product","2":"type-product","3":"status-publish","4":"has-post-thumbnail","6":"product_cat-blocos","7":"product_cat-personalizados","9":"first","10":"instock","11":"taxable","12":"shipping-taxable","13":"product-type-external","14":"col-xs-6 col-sm-4","15":"col-mf-5","16":"un-5-cols"},"aioseo_notices":[],"jetpack_sharing_enabled":true,"_links":{"self":[{"href":"https:\/\/graficaartealegria.com\/index.php?rest_route=\/wp\/v2\/product\/1221","targetHints":{"allow":["GET"]}}],"collection":[{"href":"https:\/\/graficaartealegria.com\/index.php?rest_route=\/wp\/v2\/product"}],"about":[{"href":"https:\/\/graficaartealegria.com\/index.php?rest_route=\/wp\/v2\/types\/product"}],"replies":[{"embeddable":true,"href":"https:\/\/graficaartealegria.com\/index.php?rest_route=%2Fwp%2Fv2%2Fcomments&post=1221"}],"wp:featuredmedia":[{"embeddable":true,"href":"https:\/\/graficaartealegria.com\/index.php?rest_route=\/wp\/v2\/media\/5291"}],"wp:attachment":[{"href":"https:\/\/graficaartealegria.com\/index.php?rest_route=%2Fwp%2Fv2%2Fmedia&parent=1221"}],"wp:term":[{"taxonomy":"product_cat","embeddable":true,"href":"https:\/\/graficaartealegria.com\/index.php?rest_route=%2Fwp%2Fv2%2Fproduct_cat&post=1221"},{"taxonomy":"product_tag","embeddable":true,"href":"https:\/\/graficaartealegria.com\/index.php?rest_route=%2Fwp%2Fv2%2Fproduct_tag&post=1221"}],"curies":[{"name":"wp","href":"https:\/\/api.w.org\/{rel}","templated":true}]}}