{"id":5248,"date":"2022-08-27T22:00:05","date_gmt":"2022-08-27T22:00:05","guid":{"rendered":"https:\/\/graficaartealegria.com\/?post_type=product&#038;p=5248"},"modified":"2026-02-22T16:04:55","modified_gmt":"2026-02-22T16:04:55","slug":"mini-cartao-de-visita-425-cm-x-508-cm","status":"publish","type":"product","link":"https:\/\/graficaartealegria.com\/?product=mini-cartao-de-visita-425-cm-x-508-cm","title":{"rendered":"MINI CART\u00c3O DE VISITA"},"content":{"rendered":"<blockquote>\n<p style=\"text-align: center;\" align=\"center\"><strong><em> Mini Cart\u00e3o <!--more--><\/em><\/strong><\/p>\n<p>Um mino fofo que \u00e9 oferecido para o cliente como substituto do cart\u00e3o de visita comum ou em substitui\u00e7\u00e3o ao cart\u00e3o de agradecimento<\/p>\n<p><strong>Informa\u00e7\u00f5es T\u00e9cnicas do produto:<\/strong><\/p>\n<p><strong>Tipo de Material:<\/strong> Couch\u00e9 Fosco 300g ou Cart\u00e3o 300g<\/p>\n<p><strong>Gramatura:<\/strong> 250 ou 300g<\/p>\n<p><strong>Impress\u00e3o:<\/strong> Frente e Verso<\/p>\n<p><strong>Arte:<\/strong> A arte \u00e9 feita de forma personalizada, com o desenho que voc\u00ea desejar.<\/p>\n<p><strong>Tamanho:<\/strong> 4,25 x 5,08 cm<\/p>\n<p>PARA MAIS INFORMA\u00c7\u00d5ES SOBRE O PRODUTO,\u00a0 <a href=\"https:\/\/graficaartealegria.com\/?p=5784\"><strong>CLICK AQUI<\/strong><\/a><\/p><\/blockquote>\n","protected":false},"excerpt":{"rendered":"<p><strong><em>Mini Cart\u00e3o de Visita<\/em><\/strong>: Este cart\u00e3o, pode ser enviado junto com seus produtos ao seu cliente, como lembran\u00e7a da compra. Ele pode conter a sua LOGO, seu endere\u00e7o ou at\u00e9 mesmo uma pequena frase que te represente. A ARTE pode ser feita, tanto na frente quando no verso. Para saber mais sobre este prosuto, <strong><a href=\"https:\/\/graficaartealegria.com\/?p=5784\">CLICK AQUI<\/a><\/strong><\/p>\n","protected":false},"featured_media":6147,"comment_status":"open","ping_status":"closed","template":"","meta":{"_monsterinsights_skip_tracking":false,"_monsterinsights_sitenote_active":false,"_monsterinsights_sitenote_note":"","_monsterinsights_sitenote_category":0},"product_cat":[16],"product_tag":[51,317,318,313,314,44],"class_list":{"0":"post-5248","1":"product","2":"type-product","3":"status-publish","4":"has-post-thumbnail","6":"product_cat-cartoes","7":"product_tag-arte-para-cartao-de-visita","8":"product_tag-cartao-de-visita-pequeno","9":"product_tag-cartao-pessoal","10":"product_tag-mini-cartao-de-visita","11":"product_tag-mino-para-cliete","12":"product_tag-tag-de-agradecimento","14":"first","15":"instock","16":"taxable","17":"shipping-taxable","18":"product-type-external","19":"col-xs-6 col-sm-4","20":"col-mf-5","21":"un-5-cols"},"aioseo_notices":[],"jetpack_sharing_enabled":true,"_links":{"self":[{"href":"https:\/\/graficaartealegria.com\/index.php?rest_route=\/wp\/v2\/product\/5248","targetHints":{"allow":["GET"]}}],"collection":[{"href":"https:\/\/graficaartealegria.com\/index.php?rest_route=\/wp\/v2\/product"}],"about":[{"href":"https:\/\/graficaartealegria.com\/index.php?rest_route=\/wp\/v2\/types\/product"}],"replies":[{"embeddable":true,"href":"https:\/\/graficaartealegria.com\/index.php?rest_route=%2Fwp%2Fv2%2Fcomments&post=5248"}],"wp:featuredmedia":[{"embeddable":true,"href":"https:\/\/graficaartealegria.com\/index.php?rest_route=\/wp\/v2\/media\/6147"}],"wp:attachment":[{"href":"https:\/\/graficaartealegria.com\/index.php?rest_route=%2Fwp%2Fv2%2Fmedia&parent=5248"}],"wp:term":[{"taxonomy":"product_cat","embeddable":true,"href":"https:\/\/graficaartealegria.com\/index.php?rest_route=%2Fwp%2Fv2%2Fproduct_cat&post=5248"},{"taxonomy":"product_tag","embeddable":true,"href":"https:\/\/graficaartealegria.com\/index.php?rest_route=%2Fwp%2Fv2%2Fproduct_tag&post=5248"}],"curies":[{"name":"wp","href":"https:\/\/api.w.org\/{rel}","templated":true}]}}