{"id":5271,"date":"2022-08-28T21:15:27","date_gmt":"2022-08-28T21:15:27","guid":{"rendered":"https:\/\/graficaartealegria.com\/?post_type=product&#038;p=5271"},"modified":"2026-02-22T15:37:49","modified_gmt":"2026-02-22T15:37:49","slug":"cartao-de-nao-pertube","status":"publish","type":"product","link":"https:\/\/graficaartealegria.com\/?product=cartao-de-nao-pertube","title":{"rendered":"CART\u00c3O DE N\u00c3O PERTUBE"},"content":{"rendered":"<blockquote>\n<p style=\"text-align: center;\" align=\"center\"><strong><em> Cart\u00e3o de N\u00e3o Pertube <!--more--><\/em><\/strong><\/p>\n<p>Este tipo de cart\u00e3o \u00e9 utilizado, principalmente em hot\u00e9is, sendo feito como um meio de comunica\u00e7\u00e3o entre o cliente e o hotel.<\/p>\n<p><strong>Informa\u00e7\u00f5es T\u00e9cnicas do produto:<\/strong><\/p>\n<p><strong>Tipo de Material:<\/strong> Couch\u00e9 Fosco 300g, PVC 0,3 mm ou PVC 0,3 mm<\/p>\n<p><strong>Gramatura:<\/strong> 300g , 0,3 mm ou 0,5 mm<\/p>\n<p><strong>Impress\u00e3o:<\/strong> Frente e Verso<\/p>\n<p><strong>Arte:<\/strong> A arte \u00e9 feita de forma personalizada, com o desenho que voc\u00ea desejar.<\/p>\n<p><strong>Tamanho:<\/strong> 8,5 x 19,88 cm<\/p>\n<p>PARA MAIS INFORMA\u00c7\u00d5ES SOBRE O PRODUTO,\u00a0 <a href=\"https:\/\/graficaartealegria.com\/?p=5880\"><strong>CLICK AQUI<\/strong><\/a><\/p><\/blockquote>\n","protected":false},"excerpt":{"rendered":"<p><strong><em>Cart\u00e3o N\u00c3O PERTUBE<\/em><\/strong>: Este cart\u00e3o \u00e9 utilizado para a comunica\u00e7\u00e3o entre o cliente e o hotel. Quando ele estiver na porta, \u00e9 um sinal que o hospede n\u00e3o quer ser perturbado, ou at\u00e9 mesmo ele \u00e9 utilizado para que os arrumadeiras saibam que o hospede quer que seu quarto seja arrumado e limpo. N\u00f3s oferecemos o modelo tipo gancho, em PVC 0,3 ou 0,5 mm ou at\u00e9 mesmo em papel couch\u00ea 300g.<\/p>\n","protected":false},"featured_media":6148,"comment_status":"open","ping_status":"closed","template":"","meta":{"_monsterinsights_skip_tracking":false,"_monsterinsights_sitenote_active":false,"_monsterinsights_sitenote_note":"","_monsterinsights_sitenote_category":0},"product_cat":[312,16],"product_tag":[],"class_list":{"0":"post-5271","1":"product","2":"type-product","3":"status-publish","4":"has-post-thumbnail","6":"product_cat-nao-pertube","7":"product_cat-cartoes","8":"product_shipping_class-gopro-236","10":"first","11":"instock","12":"product-type-external","13":"col-xs-6 col-sm-4","14":"col-mf-5","15":"un-5-cols"},"aioseo_notices":[],"jetpack_sharing_enabled":true,"_links":{"self":[{"href":"https:\/\/graficaartealegria.com\/index.php?rest_route=\/wp\/v2\/product\/5271","targetHints":{"allow":["GET"]}}],"collection":[{"href":"https:\/\/graficaartealegria.com\/index.php?rest_route=\/wp\/v2\/product"}],"about":[{"href":"https:\/\/graficaartealegria.com\/index.php?rest_route=\/wp\/v2\/types\/product"}],"replies":[{"embeddable":true,"href":"https:\/\/graficaartealegria.com\/index.php?rest_route=%2Fwp%2Fv2%2Fcomments&post=5271"}],"wp:featuredmedia":[{"embeddable":true,"href":"https:\/\/graficaartealegria.com\/index.php?rest_route=\/wp\/v2\/media\/6148"}],"wp:attachment":[{"href":"https:\/\/graficaartealegria.com\/index.php?rest_route=%2Fwp%2Fv2%2Fmedia&parent=5271"}],"wp:term":[{"taxonomy":"product_cat","embeddable":true,"href":"https:\/\/graficaartealegria.com\/index.php?rest_route=%2Fwp%2Fv2%2Fproduct_cat&post=5271"},{"taxonomy":"product_tag","embeddable":true,"href":"https:\/\/graficaartealegria.com\/index.php?rest_route=%2Fwp%2Fv2%2Fproduct_tag&post=5271"}],"curies":[{"name":"wp","href":"https:\/\/api.w.org\/{rel}","templated":true}]}}