{"id":5639,"date":"2022-10-03T22:46:49","date_gmt":"2022-10-03T22:46:49","guid":{"rendered":"https:\/\/graficaartealegria.com\/?post_type=product&#038;p=5639"},"modified":"2023-07-29T17:41:25","modified_gmt":"2023-07-29T17:41:25","slug":"placa-para-estacionamento-18cm-x-25cm-x-2mm-2","status":"publish","type":"product","link":"https:\/\/graficaartealegria.com\/?product=placa-para-estacionamento-18cm-x-25cm-x-2mm-2","title":{"rendered":"PLACA PARA ESTACIONAMENTO 18cm X 25cm X 2mm"},"content":{"rendered":"<blockquote>\n<p style=\"text-align: center;\" align=\"center\"><strong><em> Placa para sinaliza\u00e7\u00e3o de estacionamento<!--more--><\/em><\/strong><\/p>\n<p>Placa de sinaliza\u00e7\u00e3o para estacionamento, que incida como os carros devem ser estacionados<\/p>\n<p><strong>Informa\u00e7\u00f5es T\u00e9cnicas do produto:<\/strong><\/p>\n<p><strong>Tipo de Material:<\/strong> PVC<\/p>\n<p><strong>Espessura:<\/strong> 2 mm<\/p>\n<p><strong>Impress\u00e3o:<\/strong> Frente<\/p>\n<p><strong> Impresso em: <\/strong> Colorido<\/p>\n<p><strong>Arte:<\/strong> Arte padr\u00e3o<\/p>\n<p><strong>Tamanho:<\/strong> 18 x 25 cm<\/p><\/blockquote>\n","protected":false},"excerpt":{"rendered":"<p><strong><em>Placa para estacionamentos: <\/em><\/strong>Esta placa, mostra para o motorista de como ele deve estacionar o seu ve\u00edculo. Para este caso \u00e9 de r\u00e9, conforme indicado na placa.<\/p>\n","protected":false},"featured_media":5640,"comment_status":"open","ping_status":"closed","template":"","meta":{"_monsterinsights_skip_tracking":false,"_monsterinsights_sitenote_active":false,"_monsterinsights_sitenote_note":"","_monsterinsights_sitenote_category":0},"product_cat":[304,446],"product_tag":[363,362,344,356,357,354,338,358,360,345,339,349,348,347,336,333,350,334,361,351,341,359,353,352],"class_list":{"0":"post-5639","1":"product","2":"type-product","3":"status-publish","4":"has-post-thumbnail","6":"product_cat-placas","7":"product_cat-placas-para-estacionamentos","8":"product_tag-aqui-nao-temos-wifi","9":"product_tag-aqui-temos-wifi","10":"product_tag-banheiro-de-deficiente","11":"product_tag-banheiro-feminino","12":"product_tag-banheiro-masculino","13":"product_tag-cao-bravo","14":"product_tag-fornecedores-de-placas","15":"product_tag-material-de-sinalizacao","16":"product_tag-nao-fume","17":"product_tag-numeracao-de-andar","18":"product_tag-placa-de-cao-bravo","19":"product_tag-placa-de-wifi-free","20":"product_tag-placa-de-wifi-gratis","21":"product_tag-placa-de-wifi-zone","22":"product_tag-placa-em-pvc","23":"product_tag-placas-de-sinalizacao","24":"product_tag-placas-no-atacado","25":"product_tag-placas-para-banheiro","26":"product_tag-placas-para-identificacao-de-predios","27":"product_tag-placas-para-revenda","28":"product_tag-proibido-estacionar","29":"product_tag-proibido-fumar","30":"product_tag-sinalizacao-de-escritorios","31":"product_tag-sinalizacao-de-lojas","33":"first","34":"onbackorder","35":"taxable","36":"shipping-taxable","37":"purchasable","38":"product-type-simple","39":"col-xs-6 col-sm-4","40":"col-mf-5","41":"un-5-cols"},"aioseo_notices":[],"jetpack_sharing_enabled":true,"_links":{"self":[{"href":"https:\/\/graficaartealegria.com\/index.php?rest_route=\/wp\/v2\/product\/5639","targetHints":{"allow":["GET"]}}],"collection":[{"href":"https:\/\/graficaartealegria.com\/index.php?rest_route=\/wp\/v2\/product"}],"about":[{"href":"https:\/\/graficaartealegria.com\/index.php?rest_route=\/wp\/v2\/types\/product"}],"replies":[{"embeddable":true,"href":"https:\/\/graficaartealegria.com\/index.php?rest_route=%2Fwp%2Fv2%2Fcomments&post=5639"}],"wp:featuredmedia":[{"embeddable":true,"href":"https:\/\/graficaartealegria.com\/index.php?rest_route=\/wp\/v2\/media\/5640"}],"wp:attachment":[{"href":"https:\/\/graficaartealegria.com\/index.php?rest_route=%2Fwp%2Fv2%2Fmedia&parent=5639"}],"wp:term":[{"taxonomy":"product_cat","embeddable":true,"href":"https:\/\/graficaartealegria.com\/index.php?rest_route=%2Fwp%2Fv2%2Fproduct_cat&post=5639"},{"taxonomy":"product_tag","embeddable":true,"href":"https:\/\/graficaartealegria.com\/index.php?rest_route=%2Fwp%2Fv2%2Fproduct_tag&post=5639"}],"curies":[{"name":"wp","href":"https:\/\/api.w.org\/{rel}","templated":true}]}}