{"id":5663,"date":"2022-10-04T22:39:07","date_gmt":"2022-10-04T22:39:07","guid":{"rendered":"https:\/\/graficaartealegria.com\/?post_type=product&#038;p=5663"},"modified":"2023-07-22T19:21:04","modified_gmt":"2023-07-22T19:21:04","slug":"placa-para-estacionamento-20cm-x-30cm-x-2mm","status":"publish","type":"product","link":"https:\/\/graficaartealegria.com\/?product=placa-para-estacionamento-20cm-x-30cm-x-2mm","title":{"rendered":"PLACA SEGURAN\u00c7A NO TRABALHO 20 cm X 30cm X 2mm"},"content":{"rendered":"<blockquote>\n<p style=\"text-align: center;\" align=\"center\"><strong><em> Placa de alerta, seguran\u00e7a no trabalho<!--more--><\/em><\/strong><\/p>\n<p>Placa de alerta, voltadar para a seguran\u00e7a no trabalho<\/p>\n<p><strong>Informa\u00e7\u00f5es T\u00e9cnicas do produto:<\/strong><\/p>\n<p><strong>Tipo de Material:<\/strong> PVC<\/p>\n<p><strong>Espessura:<\/strong> 2 mm<\/p>\n<p><strong>Impress\u00e3o:<\/strong> Frente<\/p>\n<p><strong> Impresso em: <\/strong> Colorido<\/p>\n<p><strong>Arte:<\/strong> Arte padr\u00e3o<\/p>\n<p><strong>Tamanho:<\/strong> 20 x 30 cm<\/p><\/blockquote>\n","protected":false},"excerpt":{"rendered":"<p><strong><em>Placa de aviso relacionadas ao trabalho: <\/em><\/strong>A SEGURAN\u00c7A NO TRABALHO \u00e9 um dos mais importantes setores de uma empresa. Pois \u00e9 ela que ajuda na conscientiza\u00e7\u00e3o da import\u00e2ncia de se trabalhar com responsabilidade. Um trabalho eficiente e eficaz se d\u00e1, quando todos cuidam do bem estar uns dos outros. Para isso, a Arte e Alegria, possui as mais diversas placas voltadas para este seguimento.<\/p>\n","protected":false},"featured_media":5664,"comment_status":"open","ping_status":"closed","template":"","meta":{"_monsterinsights_skip_tracking":false,"_monsterinsights_sitenote_active":false,"_monsterinsights_sitenote_note":"","_monsterinsights_sitenote_category":0},"product_cat":[304,447],"product_tag":[363,362,450,451,344,356,357,354,453,449,338,358,360,345,339,452,349,348,347,336,333,350,334,361,351,341,359,448,353,352],"class_list":{"0":"post-5663","1":"product","2":"type-product","3":"status-publish","4":"has-post-thumbnail","6":"product_cat-placas","7":"product_cat-seguranca-no-trabalho","8":"product_tag-aqui-nao-temos-wifi","9":"product_tag-aqui-temos-wifi","10":"product_tag-aviso","11":"product_tag-aviso-de-seguranca","12":"product_tag-banheiro-de-deficiente","13":"product_tag-banheiro-feminino","14":"product_tag-banheiro-masculino","15":"product_tag-cao-bravo","16":"product_tag-cipa","17":"product_tag-epi","18":"product_tag-fornecedores-de-placas","19":"product_tag-material-de-sinalizacao","20":"product_tag-nao-fume","21":"product_tag-numeracao-de-andar","22":"product_tag-placa-de-cao-bravo","23":"product_tag-placa-de-uso-de-epi","24":"product_tag-placa-de-wifi-free","25":"product_tag-placa-de-wifi-gratis","26":"product_tag-placa-de-wifi-zone","27":"product_tag-placa-em-pvc","28":"product_tag-placas-de-sinalizacao","29":"product_tag-placas-no-atacado","30":"product_tag-placas-para-banheiro","31":"product_tag-placas-para-identificacao-de-predios","32":"product_tag-placas-para-revenda","33":"product_tag-proibido-estacionar","34":"product_tag-proibido-fumar","35":"product_tag-seguranca-no-trabalho","36":"product_tag-sinalizacao-de-escritorios","37":"product_tag-sinalizacao-de-lojas","39":"first","40":"onbackorder","41":"taxable","42":"shipping-taxable","43":"purchasable","44":"product-type-simple","45":"col-xs-6 col-sm-4","46":"col-mf-5","47":"un-5-cols"},"aioseo_notices":[],"jetpack_sharing_enabled":true,"_links":{"self":[{"href":"https:\/\/graficaartealegria.com\/index.php?rest_route=\/wp\/v2\/product\/5663","targetHints":{"allow":["GET"]}}],"collection":[{"href":"https:\/\/graficaartealegria.com\/index.php?rest_route=\/wp\/v2\/product"}],"about":[{"href":"https:\/\/graficaartealegria.com\/index.php?rest_route=\/wp\/v2\/types\/product"}],"replies":[{"embeddable":true,"href":"https:\/\/graficaartealegria.com\/index.php?rest_route=%2Fwp%2Fv2%2Fcomments&post=5663"}],"wp:featuredmedia":[{"embeddable":true,"href":"https:\/\/graficaartealegria.com\/index.php?rest_route=\/wp\/v2\/media\/5664"}],"wp:attachment":[{"href":"https:\/\/graficaartealegria.com\/index.php?rest_route=%2Fwp%2Fv2%2Fmedia&parent=5663"}],"wp:term":[{"taxonomy":"product_cat","embeddable":true,"href":"https:\/\/graficaartealegria.com\/index.php?rest_route=%2Fwp%2Fv2%2Fproduct_cat&post=5663"},{"taxonomy":"product_tag","embeddable":true,"href":"https:\/\/graficaartealegria.com\/index.php?rest_route=%2Fwp%2Fv2%2Fproduct_tag&post=5663"}],"curies":[{"name":"wp","href":"https:\/\/api.w.org\/{rel}","templated":true}]}}