{"id":5726,"date":"2022-10-15T14:18:40","date_gmt":"2022-10-15T14:18:40","guid":{"rendered":"https:\/\/graficaartealegria.com\/?post_type=product&#038;p=5726"},"modified":"2022-10-15T14:23:03","modified_gmt":"2022-10-15T14:23:03","slug":"caneca-machop","status":"publish","type":"product","link":"https:\/\/graficaartealegria.com\/?product=caneca-machop","title":{"rendered":"CANECA MACHOP"},"content":{"rendered":"<blockquote>\n<p style=\"text-align: center;\" align=\"center\"><strong><em>Caneca personalizada, s\u00e9rie POK\u00c9MON<br \/>\n<!--more--><\/em><\/strong><\/p>\n<p>Uma das s\u00e9ries que mais fizeram sucesso nos anos 90 POK\u00c9MON encantou varias gera\u00e7\u00f5es.<\/p>\n<p><strong>Informa\u00e7\u00f5es T\u00e9cnicas do produto:<\/strong><\/p>\n<p><strong>Tipo de Material:<\/strong> Cer\u00e2mica<\/p>\n<p><strong>Altura: <\/strong>9,6 cm<\/p>\n<p><strong>Di\u00e2metro: <\/strong>8 cm<\/p>\n<p><b>\u00c1rea de Impress\u00e3o: <\/b>196 cm\u00b2<\/p>\n<p><strong>Personagem:\u00a0<\/strong>Machop<\/p>\n<p><span style=\"color: #ff0000;\"><strong>Cuidados com o protuto:<\/strong><\/span><\/p>\n<ol>\n<li>Quando lavar n\u00e3o utilizar esponja que possa riscar sua caneca, d\u00ea prefer\u00eancia a esponjas macias e detergente neutro.<\/li>\n<li>N\u00e3o bater.<\/li>\n<li>N\u00e3o derrubar.<\/li>\n<li>N\u00e3o raspe com objetos afiados.<\/li>\n<li>Evite o uso excessivo do micro-ondas.<\/li>\n<li>N\u00e3o usar m\u00e1quina de lavar lou\u00e7as.<\/li>\n<\/ol>\n<\/blockquote>\n","protected":false},"excerpt":{"rendered":"<p><strong><em>Caneca personalizada POK\u00c9MON: <\/em><\/strong>Criada por Satoshi Tajiri em 1995, POK\u00c9MON encantou e encanta crian\u00e7as no mundo todo. A hist\u00f3ria \u00e9 centrada em criaturas extraordin\u00e1rias que s\u00e3o capturadas pelos humanos que os treinam para lutarem entre si.<\/p>\n","protected":false},"featured_media":5727,"comment_status":"open","ping_status":"closed","template":"","meta":{"_monsterinsights_skip_tracking":false,"_monsterinsights_sitenote_active":false,"_monsterinsights_sitenote_note":"","_monsterinsights_sitenote_category":0},"product_cat":[457,458],"product_tag":[485,484,478,486,470,459,483,477,469,466,465,475,488,494,471,467,492,460,468,481,479,473,490,476,489,495,472,487,493,482,462,480],"class_list":{"0":"post-5726","1":"product","2":"type-product","3":"status-publish","4":"has-post-thumbnail","6":"product_cat-canecas","7":"product_cat-pokemon","8":"product_tag-ash","9":"product_tag-ash-ketchum","10":"product_tag-blastoise","11":"product_tag-brock","12":"product_tag-butterfree","13":"product_tag-caneca","14":"product_tag-caneca-ash-ketchum-e-amigos","15":"product_tag-caneca-blastoise","16":"product_tag-caneca-butterfree","17":"product_tag-caneca-charmander","18":"product_tag-caneca-de-ceramica","19":"product_tag-caneca-dugtrio","20":"product_tag-caneca-machamp","21":"product_tag-caneca-machop","22":"product_tag-caneca-mew","23":"product_tag-caneca-mr-mime","24":"product_tag-caneca-onix","25":"product_tag-caneca-personalizada","26":"product_tag-caneca-personalizada-pokemon","27":"product_tag-caneca-pidgey","28":"product_tag-caneca-raichu","29":"product_tag-caneca-venonat","30":"product_tag-caneca-wartortle","31":"product_tag-dugtrio","32":"product_tag-machamp","33":"product_tag-machop","34":"product_tag-mew","35":"product_tag-misty","36":"product_tag-onix","37":"product_tag-pidgey","38":"product_tag-pokemon","39":"product_tag-raichu","41":"first","42":"onbackorder","43":"taxable","44":"shipping-taxable","45":"purchasable","46":"product-type-simple","47":"col-xs-6 col-sm-4","48":"col-mf-5","49":"un-5-cols"},"aioseo_notices":[],"jetpack_sharing_enabled":true,"_links":{"self":[{"href":"https:\/\/graficaartealegria.com\/index.php?rest_route=\/wp\/v2\/product\/5726","targetHints":{"allow":["GET"]}}],"collection":[{"href":"https:\/\/graficaartealegria.com\/index.php?rest_route=\/wp\/v2\/product"}],"about":[{"href":"https:\/\/graficaartealegria.com\/index.php?rest_route=\/wp\/v2\/types\/product"}],"replies":[{"embeddable":true,"href":"https:\/\/graficaartealegria.com\/index.php?rest_route=%2Fwp%2Fv2%2Fcomments&post=5726"}],"wp:featuredmedia":[{"embeddable":true,"href":"https:\/\/graficaartealegria.com\/index.php?rest_route=\/wp\/v2\/media\/5727"}],"wp:attachment":[{"href":"https:\/\/graficaartealegria.com\/index.php?rest_route=%2Fwp%2Fv2%2Fmedia&parent=5726"}],"wp:term":[{"taxonomy":"product_cat","embeddable":true,"href":"https:\/\/graficaartealegria.com\/index.php?rest_route=%2Fwp%2Fv2%2Fproduct_cat&post=5726"},{"taxonomy":"product_tag","embeddable":true,"href":"https:\/\/graficaartealegria.com\/index.php?rest_route=%2Fwp%2Fv2%2Fproduct_tag&post=5726"}],"curies":[{"name":"wp","href":"https:\/\/api.w.org\/{rel}","templated":true}]}}