{"id":5778,"date":"2022-10-18T22:42:42","date_gmt":"2022-10-18T22:42:42","guid":{"rendered":"https:\/\/graficaartealegria.com\/?post_type=product&#038;p=5778"},"modified":"2022-10-18T22:44:09","modified_gmt":"2022-10-18T22:44:09","slug":"caneca-bulbasaur","status":"publish","type":"product","link":"https:\/\/graficaartealegria.com\/?product=caneca-bulbasaur","title":{"rendered":"CANECA BULBASAUR"},"content":{"rendered":"<blockquote>\n<p style=\"text-align: center;\" align=\"center\"><strong><em>Caneca personalizada, s\u00e9rie POK\u00c9MON<br \/>\n<!--more--><\/em><\/strong><\/p>\n<p>Uma das s\u00e9ries que mais fizeram sucesso nos anos 90 POK\u00c9MON encantou varias gera\u00e7\u00f5es.<\/p>\n<p><strong>Informa\u00e7\u00f5es T\u00e9cnicas do produto:<\/strong><\/p>\n<p><strong>Tipo de Material:<\/strong> Cer\u00e2mica<\/p>\n<p><strong>Altura: <\/strong>9,6 cm<\/p>\n<p><strong>Di\u00e2metro: <\/strong>8 cm<\/p>\n<p><b>\u00c1rea de Impress\u00e3o: <\/b>196 cm\u00b2<\/p>\n<p><strong>Personagem:\u00a0<\/strong>Bulbasaur<\/p>\n<p><span style=\"color: #ff0000;\"><strong>Cuidados com o protuto:<\/strong><\/span><\/p>\n<ol>\n<li>Quando lavar n\u00e3o utilizar esponja que possa riscar sua caneca, d\u00ea prefer\u00eancia a esponjas macias e detergente neutro.<\/li>\n<li>N\u00e3o bater.<\/li>\n<li>N\u00e3o derrubar.<\/li>\n<li>N\u00e3o raspe com objetos afiados.<\/li>\n<li>Evite o uso excessivo do micro-ondas.<\/li>\n<li>N\u00e3o usar m\u00e1quina de lavar lou\u00e7as.<\/li>\n<\/ol>\n<\/blockquote>\n","protected":false},"excerpt":{"rendered":"<p><strong><em>Caneca personalizada POK\u00c9MON: <\/em><\/strong>Criada por Satoshi Tajiri em 1995, POK\u00c9MON encantou e encanta crian\u00e7as no mundo todo. A hist\u00f3ria \u00e9 centrada em criaturas extraordin\u00e1rias que s\u00e3o capturadas pelos humanos que os treinam para lutarem entre si.<\/p>\n","protected":false},"featured_media":5779,"comment_status":"open","ping_status":"closed","template":"","meta":{"_monsterinsights_skip_tracking":false,"_monsterinsights_sitenote_active":false,"_monsterinsights_sitenote_note":"","_monsterinsights_sitenote_category":0},"product_cat":[457,458],"product_tag":[527,485,484,535,478,486,539,470,459,526,483,534,477,538,469,506,530,466,514,465,512,475,528,496,518,500,516,504,532,488,494,522,471,524,467,492,460,468,481,510,479,520,536,502,508,473,490,498,507,531,515,513,476,529,497,519,501,517,505,533,489,495,523,472,525,487,493,482,462,511,480,537],"class_list":{"0":"post-5778","1":"product","2":"type-product","3":"status-publish","4":"has-post-thumbnail","6":"product_cat-canecas","7":"product_cat-pokemon","8":"product_tag-arbok","9":"product_tag-ash","10":"product_tag-ash-ketchum","11":"product_tag-ashe","12":"product_tag-blastoise","13":"product_tag-brock","14":"product_tag-bulbasaur","15":"product_tag-butterfree","16":"product_tag-caneca","17":"product_tag-caneca-arbok","18":"product_tag-caneca-ash-ketchum-e-amigos","19":"product_tag-caneca-ashe","20":"product_tag-caneca-blastoise","21":"product_tag-caneca-bulbasaur","22":"product_tag-caneca-butterfree","23":"product_tag-caneca-caterpie","24":"product_tag-caneca-charizard","25":"product_tag-caneca-charmander","26":"product_tag-caneca-charmeleon","27":"product_tag-caneca-de-ceramica","28":"product_tag-caneca-dragonite","29":"product_tag-caneca-dugtrio","30":"product_tag-caneca-eevee","31":"product_tag-caneca-equipe-rocket","32":"product_tag-caneca-gengar","33":"product_tag-caneca-geodude","34":"product_tag-caneca-gyarados","35":"product_tag-caneca-haunter","36":"product_tag-caneca-jigglypuff","37":"product_tag-caneca-machamp","38":"product_tag-caneca-machop","39":"product_tag-caneca-meowth","40":"product_tag-caneca-mew","41":"product_tag-caneca-mewtwo","42":"product_tag-caneca-mr-mime","43":"product_tag-caneca-onix","44":"product_tag-caneca-personalizada","45":"product_tag-caneca-personalizada-pokemon","46":"product_tag-caneca-pidgey","47":"product_tag-caneca-psyduck","48":"product_tag-caneca-raichu","49":"product_tag-caneca-snorlax","50":"product_tag-caneca-squirtle","51":"product_tag-caneca-tangela","52":"product_tag-caneca-togepi","53":"product_tag-caneca-venonat","54":"product_tag-caneca-wartortle","55":"product_tag-caneca-weezing","56":"product_tag-caterpie","57":"product_tag-charizard","58":"product_tag-charmeleon","59":"product_tag-dragonite","60":"product_tag-dugtrio","61":"product_tag-eevee","62":"product_tag-equipe-rocket","63":"product_tag-gengar","64":"product_tag-geodude","65":"product_tag-gyarados","66":"product_tag-haunter","67":"product_tag-jigglypuff","68":"product_tag-machamp","69":"product_tag-machop","70":"product_tag-meowth","71":"product_tag-mew","72":"product_tag-mewtwo","73":"product_tag-misty","74":"product_tag-onix","75":"product_tag-pidgey","76":"product_tag-pokemon","77":"product_tag-psyduck","78":"product_tag-raichu","79":"product_tag-squirtle","81":"first","82":"onbackorder","83":"taxable","84":"shipping-taxable","85":"purchasable","86":"product-type-simple","87":"col-xs-6 col-sm-4","88":"col-mf-5","89":"un-5-cols"},"aioseo_notices":[],"jetpack_sharing_enabled":true,"_links":{"self":[{"href":"https:\/\/graficaartealegria.com\/index.php?rest_route=\/wp\/v2\/product\/5778","targetHints":{"allow":["GET"]}}],"collection":[{"href":"https:\/\/graficaartealegria.com\/index.php?rest_route=\/wp\/v2\/product"}],"about":[{"href":"https:\/\/graficaartealegria.com\/index.php?rest_route=\/wp\/v2\/types\/product"}],"replies":[{"embeddable":true,"href":"https:\/\/graficaartealegria.com\/index.php?rest_route=%2Fwp%2Fv2%2Fcomments&post=5778"}],"wp:featuredmedia":[{"embeddable":true,"href":"https:\/\/graficaartealegria.com\/index.php?rest_route=\/wp\/v2\/media\/5779"}],"wp:attachment":[{"href":"https:\/\/graficaartealegria.com\/index.php?rest_route=%2Fwp%2Fv2%2Fmedia&parent=5778"}],"wp:term":[{"taxonomy":"product_cat","embeddable":true,"href":"https:\/\/graficaartealegria.com\/index.php?rest_route=%2Fwp%2Fv2%2Fproduct_cat&post=5778"},{"taxonomy":"product_tag","embeddable":true,"href":"https:\/\/graficaartealegria.com\/index.php?rest_route=%2Fwp%2Fv2%2Fproduct_tag&post=5778"}],"curies":[{"name":"wp","href":"https:\/\/api.w.org\/{rel}","templated":true}]}}