{"id":6046,"date":"2022-12-11T13:05:08","date_gmt":"2022-12-11T13:05:08","guid":{"rendered":"https:\/\/graficaartealegria.com\/?post_type=product&#038;p=6046"},"modified":"2026-02-22T15:40:48","modified_gmt":"2026-02-22T15:40:48","slug":"caneca-familia-addams-wadnesday-6","status":"publish","type":"product","link":"https:\/\/graficaartealegria.com\/?product=caneca-familia-addams-wadnesday-6","title":{"rendered":"CANECA FAM\u00cdLIA ADDAMS &#8211; WADNESDAY"},"content":{"rendered":"<blockquote>\n<p style=\"text-align: center;\" align=\"center\"><strong><em>Caneca personalizada, s\u00e9rie WADNESDAY<br \/>\n<!--more--><\/em><\/strong><\/p>\n<p>Das telas do cinema, diretamente para uma das s\u00e9ries mais amadas, WANDINHA ADDAMS se tornou a trevozinha mas amada do Brasil<\/p>\n<p><strong>Informa\u00e7\u00f5es T\u00e9cnicas do produto:<\/strong><\/p>\n<p><strong>Tipo de Material:<\/strong> Cer\u00e2mica<\/p>\n<p><strong>Altura: <\/strong>9,6 cm<\/p>\n<p><strong>Di\u00e2metro: <\/strong>8 cm<\/p>\n<p><b>\u00c1rea de Impress\u00e3o: <\/b>196 cm\u00b2<\/p>\n<p><strong>Personagem: WEDNESDAY<\/strong><\/p>\n<p><span style=\"color: #ff0000;\"><strong>Cuidados com o protuto:<\/strong><\/span><\/p>\n<ol>\n<li>Quando lavar n\u00e3o utilizar esponja que possa riscar sua caneca, d\u00ea prefer\u00eancia a esponjas macias e detergente neutro.<\/li>\n<li>N\u00e3o bater.<\/li>\n<li>N\u00e3o derrubar.<\/li>\n<li>N\u00e3o raspe com objetos afiados.<\/li>\n<li>Evite o uso excessivo do micro-ondas.<\/li>\n<li>N\u00e3o usar m\u00e1quina de lavar lou\u00e7as.<\/li>\n<\/ol>\n<\/blockquote>\n","protected":false},"excerpt":{"rendered":"<p><strong><em>Caneca personalizada A FAM\u00cdLIA ADDAMS: <\/em><\/strong>Esta fam\u00edlia m\u00f3rbida e fict\u00edcia leva o sobrenome de seu criador Charles Addams, que em 1930 criou tiras de quadrinhos para fazer s\u00e1tiras da ent\u00e3o idealiza\u00e7\u00e3o da fam\u00edlia am\u00e9rica perfeita.<\/p>\n","protected":false},"featured_media":6047,"comment_status":"open","ping_status":"closed","template":"","meta":{"_monsterinsights_skip_tracking":false,"_monsterinsights_sitenote_active":false,"_monsterinsights_sitenote_note":"","_monsterinsights_sitenote_category":0},"product_cat":[593,457],"product_tag":[596,598,597,595,594],"class_list":{"0":"post-6046","1":"product","2":"type-product","3":"status-publish","4":"has-post-thumbnail","6":"product_cat-a-familia-addams","7":"product_cat-canecas","8":"product_tag-caneca-familia-addams","9":"product_tag-caneca-wandinha","10":"product_tag-caneca-wednesday","11":"product_tag-wandinha-addams","12":"product_tag-wednesday","14":"first","15":"onbackorder","16":"taxable","17":"shipping-taxable","18":"purchasable","19":"product-type-simple","20":"col-xs-6 col-sm-4","21":"col-mf-5","22":"un-5-cols"},"aioseo_notices":[],"jetpack_sharing_enabled":true,"_links":{"self":[{"href":"https:\/\/graficaartealegria.com\/index.php?rest_route=\/wp\/v2\/product\/6046","targetHints":{"allow":["GET"]}}],"collection":[{"href":"https:\/\/graficaartealegria.com\/index.php?rest_route=\/wp\/v2\/product"}],"about":[{"href":"https:\/\/graficaartealegria.com\/index.php?rest_route=\/wp\/v2\/types\/product"}],"replies":[{"embeddable":true,"href":"https:\/\/graficaartealegria.com\/index.php?rest_route=%2Fwp%2Fv2%2Fcomments&post=6046"}],"wp:featuredmedia":[{"embeddable":true,"href":"https:\/\/graficaartealegria.com\/index.php?rest_route=\/wp\/v2\/media\/6047"}],"wp:attachment":[{"href":"https:\/\/graficaartealegria.com\/index.php?rest_route=%2Fwp%2Fv2%2Fmedia&parent=6046"}],"wp:term":[{"taxonomy":"product_cat","embeddable":true,"href":"https:\/\/graficaartealegria.com\/index.php?rest_route=%2Fwp%2Fv2%2Fproduct_cat&post=6046"},{"taxonomy":"product_tag","embeddable":true,"href":"https:\/\/graficaartealegria.com\/index.php?rest_route=%2Fwp%2Fv2%2Fproduct_tag&post=6046"}],"curies":[{"name":"wp","href":"https:\/\/api.w.org\/{rel}","templated":true}]}}