{"id":6238,"date":"2023-02-25T18:32:27","date_gmt":"2023-02-25T18:32:27","guid":{"rendered":"https:\/\/graficaartealegria.com\/?post_type=product&#038;p=6238"},"modified":"2026-02-22T15:33:59","modified_gmt":"2026-02-22T15:33:59","slug":"adesivo-de-vende-se-para-carros","status":"publish","type":"product","link":"https:\/\/graficaartealegria.com\/?product=adesivo-de-vende-se-para-carros","title":{"rendered":"ADESIVO DE VENDE-SE PARA CARROS"},"content":{"rendered":"<blockquote>\n<p style=\"text-align: center;\" align=\"center\"><strong><em>Adesivo de vende &#8211; se para carros 10 x 20 cm<br \/>\n<!--more--><\/em><\/strong><\/p>\n<p>Este adesivo \u00e9 para voc\u00ea que deseja vender o seu carro, e como anuncio pretende colocar um adesivo nele. Neste adesivo voc\u00ea pode pode colocar o seu pr\u00f3prio telefone de contato.<\/p>\n<p><strong>Informa\u00e7\u00f5es T\u00e9cnicas do produto:<\/strong><\/p>\n<p><strong>Tipo de Material: <\/strong>Vinil Brilho<\/p>\n<p><strong>Altura: <\/strong>10\u00a0cm<\/p>\n<p><strong>Largura: <\/strong>20\u00a0cm<\/p>\n<p><strong>Menssagem pr\u00e9 impressa: <\/strong>&#8220;VENDE &#8211; SE ESTE VE\u00cdCULO&#8221;<\/p>\n<p>AO FINALIZAR A COMPRA, VAMOS ENTRAR EM CONTATO COM VOC\u00ca PARA PERSONALIZAR ADESIVO COM O N\u00daMERO DE CONTATO.<\/p><\/blockquote>\n<p>&nbsp;<\/p>\n","protected":false},"excerpt":{"rendered":"<p><strong><em> Adesivo de VENDE &#8211; SE para carros: <\/em><\/strong><em>Este adesivo padr\u00e3o colocado em seu carro,\u00a0 sinaliza a sua vontade de venda. Nele \u00e9 mostrado o n\u00famero de contato para qual, quem gostou, pode ligar a assim fazer uma proposta. Neste adesivo vem escrito: <\/em>\u00a0<strong>&#8220;VENDE &#8211; SE ESTE VE\u00cdCULO&#8221;<\/strong><\/p>\n","protected":false},"featured_media":6243,"comment_status":"open","ping_status":"closed","template":"","meta":{"_monsterinsights_skip_tracking":false,"_monsterinsights_sitenote_active":false,"_monsterinsights_sitenote_note":"","_monsterinsights_sitenote_category":0},"product_cat":[599,611],"product_tag":[],"class_list":{"0":"post-6238","1":"product","2":"type-product","3":"status-publish","4":"has-post-thumbnail","6":"product_cat-adesivos-e-rotulos","7":"product_cat-adesivos-para-carros","9":"first","10":"instock","11":"shipping-taxable","12":"product-type-external","13":"col-xs-6 col-sm-4","14":"col-mf-5","15":"un-5-cols"},"aioseo_notices":[],"jetpack_sharing_enabled":true,"_links":{"self":[{"href":"https:\/\/graficaartealegria.com\/index.php?rest_route=\/wp\/v2\/product\/6238","targetHints":{"allow":["GET"]}}],"collection":[{"href":"https:\/\/graficaartealegria.com\/index.php?rest_route=\/wp\/v2\/product"}],"about":[{"href":"https:\/\/graficaartealegria.com\/index.php?rest_route=\/wp\/v2\/types\/product"}],"replies":[{"embeddable":true,"href":"https:\/\/graficaartealegria.com\/index.php?rest_route=%2Fwp%2Fv2%2Fcomments&post=6238"}],"wp:featuredmedia":[{"embeddable":true,"href":"https:\/\/graficaartealegria.com\/index.php?rest_route=\/wp\/v2\/media\/6243"}],"wp:attachment":[{"href":"https:\/\/graficaartealegria.com\/index.php?rest_route=%2Fwp%2Fv2%2Fmedia&parent=6238"}],"wp:term":[{"taxonomy":"product_cat","embeddable":true,"href":"https:\/\/graficaartealegria.com\/index.php?rest_route=%2Fwp%2Fv2%2Fproduct_cat&post=6238"},{"taxonomy":"product_tag","embeddable":true,"href":"https:\/\/graficaartealegria.com\/index.php?rest_route=%2Fwp%2Fv2%2Fproduct_tag&post=6238"}],"curies":[{"name":"wp","href":"https:\/\/api.w.org\/{rel}","templated":true}]}}