{"id":6265,"date":"2023-03-11T12:43:56","date_gmt":"2023-03-11T12:43:56","guid":{"rendered":"https:\/\/graficaartealegria.com\/?post_type=product&#038;p=6265"},"modified":"2026-02-22T15:31:48","modified_gmt":"2026-02-22T15:31:48","slug":"adesivo-quadrado-5cm-x-5cm-2","status":"publish","type":"product","link":"https:\/\/graficaartealegria.com\/?product=adesivo-quadrado-5cm-x-5cm-2","title":{"rendered":"ADESIVO QUADRADO 5cm x 5cm"},"content":{"rendered":"<blockquote>\n<p style=\"text-align: center;\" align=\"center\"><strong><em>Adesivo em formato quadrado 5cm x 5cm<br \/>\n<!--more--><\/em><\/strong><\/p>\n<p>Este adesivo \u00e9 quadrado, com tamanho de 5cm x 5cm, e com a\u00a0 menssagem &#8220;Compre de quem Faz&#8221;<\/p>\n<p><strong>Informa\u00e7\u00f5es T\u00e9cnicas do produto:<\/strong><\/p>\n<p><strong>Tipo de Material: <\/strong>Corch\u00e9 90g<\/p>\n<p><strong>Altura: 5<\/strong>\u00a0cm<\/p>\n<p><strong>Largura: 5<\/strong>\u00a0cm<\/p>\n<p><strong>Menssagem pr\u00e9 impressa: <\/strong>&#8220;Compre de quem Faz&#8221;<\/p><\/blockquote>\n","protected":false},"excerpt":{"rendered":"<p><strong><em> Adesivo quadrado: <\/em><\/strong> Este adesivos, pode ser colados nos pacotes, ou em qualquer tipo de embalagem de sua prefer\u00eancia, para voc\u00ea enviar aos seu cliente para demostrar o seu carinho pela compra. Ele vem com a frase <strong>&#8220;Compre de quem Faz&#8221;<\/strong><\/p>\n","protected":false},"featured_media":6270,"comment_status":"open","ping_status":"closed","template":"","meta":{"_monsterinsights_skip_tracking":false,"_monsterinsights_sitenote_active":false,"_monsterinsights_sitenote_note":"","_monsterinsights_sitenote_category":0},"product_cat":[600,599],"product_tag":[],"class_list":{"0":"post-6265","1":"product","2":"type-product","3":"status-publish","4":"has-post-thumbnail","6":"product_cat-adesivos-de-agradecimento","7":"product_cat-adesivos-e-rotulos","9":"first","10":"instock","11":"shipping-taxable","12":"product-type-external","13":"col-xs-6 col-sm-4","14":"col-mf-5","15":"un-5-cols"},"aioseo_notices":[],"jetpack_sharing_enabled":true,"_links":{"self":[{"href":"https:\/\/graficaartealegria.com\/index.php?rest_route=\/wp\/v2\/product\/6265","targetHints":{"allow":["GET"]}}],"collection":[{"href":"https:\/\/graficaartealegria.com\/index.php?rest_route=\/wp\/v2\/product"}],"about":[{"href":"https:\/\/graficaartealegria.com\/index.php?rest_route=\/wp\/v2\/types\/product"}],"replies":[{"embeddable":true,"href":"https:\/\/graficaartealegria.com\/index.php?rest_route=%2Fwp%2Fv2%2Fcomments&post=6265"}],"wp:featuredmedia":[{"embeddable":true,"href":"https:\/\/graficaartealegria.com\/index.php?rest_route=\/wp\/v2\/media\/6270"}],"wp:attachment":[{"href":"https:\/\/graficaartealegria.com\/index.php?rest_route=%2Fwp%2Fv2%2Fmedia&parent=6265"}],"wp:term":[{"taxonomy":"product_cat","embeddable":true,"href":"https:\/\/graficaartealegria.com\/index.php?rest_route=%2Fwp%2Fv2%2Fproduct_cat&post=6265"},{"taxonomy":"product_tag","embeddable":true,"href":"https:\/\/graficaartealegria.com\/index.php?rest_route=%2Fwp%2Fv2%2Fproduct_tag&post=6265"}],"curies":[{"name":"wp","href":"https:\/\/api.w.org\/{rel}","templated":true}]}}