{"id":6293,"date":"2023-04-22T20:57:38","date_gmt":"2023-04-22T20:57:38","guid":{"rendered":"https:\/\/graficaartealegria.com\/?post_type=product&#038;p=6293"},"modified":"2023-04-22T21:01:08","modified_gmt":"2023-04-22T21:01:08","slug":"placa-para-piscina-10cm-x-15cm-x-2mm","status":"publish","type":"product","link":"https:\/\/graficaartealegria.com\/?product=placa-para-piscina-10cm-x-15cm-x-2mm","title":{"rendered":"PLACA PARA PISCINA 10cm X 15cm X 2mm"},"content":{"rendered":"<blockquote>\n<p style=\"text-align: center;\" align=\"center\"><strong><em> Placa para sinaliza\u00e7\u00e3o para ambientes sociais<!--more--><\/em><\/strong><\/p>\n<p>Placas utilizadas para sinalizar para qual o comportamento que as pessoas devem ter na piscina<\/p>\n<p><strong>Informa\u00e7\u00f5es T\u00e9cnicas do produto:<\/strong><\/p>\n<p><strong>Tipo de Material:<\/strong> PVC<\/p>\n<p><strong>Espessura:<\/strong> 2 mm<\/p>\n<p><strong>Impress\u00e3o:<\/strong> Frente<\/p>\n<p><strong> Impresso em: <\/strong> Colorido<\/p>\n<p><strong>Arte:<\/strong> Arte padr\u00e3o<\/p>\n<p><strong>Tamanho:<\/strong> 10 x 15 cm<\/p><\/blockquote>\n","protected":false},"excerpt":{"rendered":"<p><strong><em>Placa de sinaliza\u00e7\u00e3o para piscina: <\/em><\/strong>Para manter a harmonia da conviv\u00eancia, esta PLACA mostra como as pessoas devem se comportar no uso da piscina.<\/p>\n","protected":false},"featured_media":6294,"comment_status":"open","ping_status":"closed","template":"","meta":{"_monsterinsights_skip_tracking":false,"_monsterinsights_sitenote_active":false,"_monsterinsights_sitenote_note":"","_monsterinsights_sitenote_category":0},"product_cat":[612,304],"product_tag":[363,362,614,344,356,357,354,613,338,358,360,345,339,349,348,347,336,333,350,334,361,351,341,359,353,352],"class_list":{"0":"post-6293","1":"product","2":"type-product","3":"status-publish","4":"has-post-thumbnail","6":"product_cat-para-qualquer-ambiente","7":"product_cat-placas","8":"product_tag-aqui-nao-temos-wifi","9":"product_tag-aqui-temos-wifi","10":"product_tag-ar-condicionado","11":"product_tag-banheiro-de-deficiente","12":"product_tag-banheiro-feminino","13":"product_tag-banheiro-masculino","14":"product_tag-cao-bravo","15":"product_tag-desligue-o-ar-condicinado","16":"product_tag-fornecedores-de-placas","17":"product_tag-material-de-sinalizacao","18":"product_tag-nao-fume","19":"product_tag-numeracao-de-andar","20":"product_tag-placa-de-cao-bravo","21":"product_tag-placa-de-wifi-free","22":"product_tag-placa-de-wifi-gratis","23":"product_tag-placa-de-wifi-zone","24":"product_tag-placa-em-pvc","25":"product_tag-placas-de-sinalizacao","26":"product_tag-placas-no-atacado","27":"product_tag-placas-para-banheiro","28":"product_tag-placas-para-identificacao-de-predios","29":"product_tag-placas-para-revenda","30":"product_tag-proibido-estacionar","31":"product_tag-proibido-fumar","32":"product_tag-sinalizacao-de-escritorios","33":"product_tag-sinalizacao-de-lojas","35":"first","36":"onbackorder","37":"taxable","38":"shipping-taxable","39":"purchasable","40":"product-type-simple","41":"col-xs-6 col-sm-4","42":"col-mf-5","43":"un-5-cols"},"aioseo_notices":[],"jetpack_sharing_enabled":true,"_links":{"self":[{"href":"https:\/\/graficaartealegria.com\/index.php?rest_route=\/wp\/v2\/product\/6293","targetHints":{"allow":["GET"]}}],"collection":[{"href":"https:\/\/graficaartealegria.com\/index.php?rest_route=\/wp\/v2\/product"}],"about":[{"href":"https:\/\/graficaartealegria.com\/index.php?rest_route=\/wp\/v2\/types\/product"}],"replies":[{"embeddable":true,"href":"https:\/\/graficaartealegria.com\/index.php?rest_route=%2Fwp%2Fv2%2Fcomments&post=6293"}],"wp:featuredmedia":[{"embeddable":true,"href":"https:\/\/graficaartealegria.com\/index.php?rest_route=\/wp\/v2\/media\/6294"}],"wp:attachment":[{"href":"https:\/\/graficaartealegria.com\/index.php?rest_route=%2Fwp%2Fv2%2Fmedia&parent=6293"}],"wp:term":[{"taxonomy":"product_cat","embeddable":true,"href":"https:\/\/graficaartealegria.com\/index.php?rest_route=%2Fwp%2Fv2%2Fproduct_cat&post=6293"},{"taxonomy":"product_tag","embeddable":true,"href":"https:\/\/graficaartealegria.com\/index.php?rest_route=%2Fwp%2Fv2%2Fproduct_tag&post=6293"}],"curies":[{"name":"wp","href":"https:\/\/api.w.org\/{rel}","templated":true}]}}