{"id":6321,"date":"2023-06-03T20:02:58","date_gmt":"2023-06-03T20:02:58","guid":{"rendered":"https:\/\/graficaartealegria.com\/?post_type=product&#038;p=6321"},"modified":"2023-06-03T20:04:08","modified_gmt":"2023-06-03T20:04:08","slug":"banner-de-lona-90-x-120-cm-com-bastao","status":"publish","type":"product","link":"https:\/\/graficaartealegria.com\/?product=banner-de-lona-90-x-120-cm-com-bastao","title":{"rendered":"BANNER DE LONA 90 X 120 CM COM BAST\u00c3O"},"content":{"rendered":"<blockquote>\n<p style=\"text-align: center;\" align=\"center\"><strong><em>Banner com bast\u00e3o<br \/>\n<!--more--><\/em><\/strong><\/p>\n<p>Para ser visto, de longe, banner com bast\u00e3o \u00e9 a melhor maneira que voc\u00ea pode querer. Sua propaganda aqui \u00e9 a mais eficaz<\/p>\n<p><strong>Informa\u00e7\u00f5es T\u00e9cnicas do produto:<\/strong><\/p>\n<p><strong>Tipo de Material:<\/strong> Lona, bast\u00e3o de madeira com fio de Nylon<\/p>\n<p><strong>Gramatura: <\/strong>280g<\/p>\n<p><strong>Impress\u00e3o:<\/strong> Frente<\/p>\n<p><strong>Arte:<\/strong> A arte \u00e9 feita de forma personalizada, com o desenho que voc\u00ea desejar.<\/p>\n<p><strong>Tamanho:\u00a0<\/strong> 90 x 120 cm<\/p>\n<p>&nbsp;<\/p><\/blockquote>\n","protected":false},"excerpt":{"rendered":"<p><strong><em>Banner com bast\u00e3o<\/em><\/strong>: Quer dar aquele toque especial em um evento, divulgar servi\u00e7os ou produtos de sua empresa ou transmitir qualquer informa\u00e7\u00e3o para seu p\u00fablico de forma elegante e econ\u00f4mica? Com os Banners da ARTE E ALEGRIA voc\u00ea pode! Este produto \u00e9 totalmente personaliz\u00e1vel da forma que voc\u00ea desejar<\/p>\n","protected":false},"featured_media":6322,"comment_status":"open","ping_status":"closed","template":"","meta":{"_monsterinsights_skip_tracking":false,"_monsterinsights_sitenote_active":false,"_monsterinsights_sitenote_note":"","_monsterinsights_sitenote_category":0},"product_cat":[618],"product_tag":[619,624,622,623,625,627,628,626,620,629,621],"class_list":{"0":"post-6321","1":"product","2":"type-product","3":"status-publish","4":"has-post-thumbnail","6":"product_cat-banner","7":"product_tag-banner","8":"product_tag-banner-com-foto","9":"product_tag-banner-empresa","10":"product_tag-banner-empresarial","11":"product_tag-banner-impresso","12":"product_tag-banner-para-comercio","13":"product_tag-banner-para-eventos","14":"product_tag-banner-para-loja","15":"product_tag-banner-personalizado","16":"product_tag-bnner-barato","17":"product_tag-lona","19":"first","20":"instock","21":"taxable","22":"shipping-taxable","23":"product-type-external","24":"col-xs-6 col-sm-4","25":"col-mf-5","26":"un-5-cols"},"aioseo_notices":[],"jetpack_sharing_enabled":true,"_links":{"self":[{"href":"https:\/\/graficaartealegria.com\/index.php?rest_route=\/wp\/v2\/product\/6321","targetHints":{"allow":["GET"]}}],"collection":[{"href":"https:\/\/graficaartealegria.com\/index.php?rest_route=\/wp\/v2\/product"}],"about":[{"href":"https:\/\/graficaartealegria.com\/index.php?rest_route=\/wp\/v2\/types\/product"}],"replies":[{"embeddable":true,"href":"https:\/\/graficaartealegria.com\/index.php?rest_route=%2Fwp%2Fv2%2Fcomments&post=6321"}],"wp:featuredmedia":[{"embeddable":true,"href":"https:\/\/graficaartealegria.com\/index.php?rest_route=\/wp\/v2\/media\/6322"}],"wp:attachment":[{"href":"https:\/\/graficaartealegria.com\/index.php?rest_route=%2Fwp%2Fv2%2Fmedia&parent=6321"}],"wp:term":[{"taxonomy":"product_cat","embeddable":true,"href":"https:\/\/graficaartealegria.com\/index.php?rest_route=%2Fwp%2Fv2%2Fproduct_cat&post=6321"},{"taxonomy":"product_tag","embeddable":true,"href":"https:\/\/graficaartealegria.com\/index.php?rest_route=%2Fwp%2Fv2%2Fproduct_tag&post=6321"}],"curies":[{"name":"wp","href":"https:\/\/api.w.org\/{rel}","templated":true}]}}