{"id":6339,"date":"2023-07-15T18:56:42","date_gmt":"2023-07-15T18:56:42","guid":{"rendered":"https:\/\/graficaartealegria.com\/?post_type=product&#038;p=6339"},"modified":"2026-02-22T15:38:29","modified_gmt":"2026-02-22T15:38:29","slug":"placa-de-atencao-380-v-30cm-x-20cm-x-2mm","status":"publish","type":"product","link":"https:\/\/graficaartealegria.com\/?product=placa-de-atencao-380-v-30cm-x-20cm-x-2mm","title":{"rendered":"PLACA DE ATEN\u00c7\u00c3O 380 V 20cm X 30cm X 2mm"},"content":{"rendered":"<blockquote>\n<p style=\"text-align: center;\" align=\"center\"><strong><em> Placa para sinaliza\u00e7\u00e3o para locas de risco<!--more--><\/em><\/strong><\/p>\n<p>Sinalizar locais perigoso evita problemas indesej\u00e1veis e principalmente preserva a vida de todos.<\/p>\n<p><strong>Informa\u00e7\u00f5es T\u00e9cnicas do produto:<\/strong><\/p>\n<p><strong>Tipo de Material:<\/strong> PVC<\/p>\n<p><strong>Espessura:<\/strong> 2 mm<\/p>\n<p><strong>Impress\u00e3o:<\/strong> Frente<\/p>\n<p><strong> Impresso em: <\/strong> Colorido<\/p>\n<p><strong>Arte:<\/strong> Arte padr\u00e3o<\/p>\n<p><strong>Tamanho:<\/strong> 20 x 30 cm<\/p><\/blockquote>\n","protected":false},"excerpt":{"rendered":"<p><strong><em>Placa de aten\u00e7\u00e3o: <\/em><\/strong>Locais que s\u00e3o perigosos, devem ser sinalizados para que se evite acidentes. Estas placas mostram a tens\u00e3o a qual o local est\u00e1 submetido, lembrando a que as v\u00ea, que h\u00e1 risco de choque el\u00e9trico. \u00a0Sempre \u00e9 melhor prevenir do que remediar.<\/p>\n","protected":false},"featured_media":6336,"comment_status":"open","ping_status":"closed","template":"","meta":{"_monsterinsights_skip_tracking":false,"_monsterinsights_sitenote_active":false,"_monsterinsights_sitenote_note":"","_monsterinsights_sitenote_category":0},"product_cat":[304,630,364],"product_tag":[631,632,633,634,363,362,344,356,357,354,338,358,360,345,339,349,348,347,336,635,636,637,638,333,350,334,361,351,341,359,353,352],"class_list":{"0":"post-6339","1":"product","2":"type-product","3":"status-publish","4":"has-post-thumbnail","6":"product_cat-placas","7":"product_cat-placas-de-tenha-atencao","8":"product_cat-sinalizacao-de-banheiros","9":"product_tag-110-v","10":"product_tag-220v","11":"product_tag-380v","12":"product_tag-440v","13":"product_tag-aqui-nao-temos-wifi","14":"product_tag-aqui-temos-wifi","15":"product_tag-banheiro-de-deficiente","16":"product_tag-banheiro-feminino","17":"product_tag-banheiro-masculino","18":"product_tag-cao-bravo","19":"product_tag-fornecedores-de-placas","20":"product_tag-material-de-sinalizacao","21":"product_tag-nao-fume","22":"product_tag-numeracao-de-andar","23":"product_tag-placa-de-cao-bravo","24":"product_tag-placa-de-wifi-free","25":"product_tag-placa-de-wifi-gratis","26":"product_tag-placa-de-wifi-zone","27":"product_tag-placa-em-pvc","28":"product_tag-placas-110-v","29":"product_tag-placas-220v","30":"product_tag-placas-380v","31":"product_tag-placas-440v","32":"product_tag-placas-de-sinalizacao","33":"product_tag-placas-no-atacado","34":"product_tag-placas-para-banheiro","35":"product_tag-placas-para-identificacao-de-predios","36":"product_tag-placas-para-revenda","37":"product_tag-proibido-estacionar","38":"product_tag-proibido-fumar","39":"product_tag-sinalizacao-de-escritorios","40":"product_tag-sinalizacao-de-lojas","42":"first","43":"onbackorder","44":"taxable","45":"shipping-taxable","46":"purchasable","47":"product-type-simple","48":"col-xs-6 col-sm-4","49":"col-mf-5","50":"un-5-cols"},"aioseo_notices":[],"jetpack_sharing_enabled":true,"_links":{"self":[{"href":"https:\/\/graficaartealegria.com\/index.php?rest_route=\/wp\/v2\/product\/6339","targetHints":{"allow":["GET"]}}],"collection":[{"href":"https:\/\/graficaartealegria.com\/index.php?rest_route=\/wp\/v2\/product"}],"about":[{"href":"https:\/\/graficaartealegria.com\/index.php?rest_route=\/wp\/v2\/types\/product"}],"replies":[{"embeddable":true,"href":"https:\/\/graficaartealegria.com\/index.php?rest_route=%2Fwp%2Fv2%2Fcomments&post=6339"}],"wp:featuredmedia":[{"embeddable":true,"href":"https:\/\/graficaartealegria.com\/index.php?rest_route=\/wp\/v2\/media\/6336"}],"wp:attachment":[{"href":"https:\/\/graficaartealegria.com\/index.php?rest_route=%2Fwp%2Fv2%2Fmedia&parent=6339"}],"wp:term":[{"taxonomy":"product_cat","embeddable":true,"href":"https:\/\/graficaartealegria.com\/index.php?rest_route=%2Fwp%2Fv2%2Fproduct_cat&post=6339"},{"taxonomy":"product_tag","embeddable":true,"href":"https:\/\/graficaartealegria.com\/index.php?rest_route=%2Fwp%2Fv2%2Fproduct_tag&post=6339"}],"curies":[{"name":"wp","href":"https:\/\/api.w.org\/{rel}","templated":true}]}}