{"id":6386,"date":"2023-07-29T17:45:23","date_gmt":"2023-07-29T17:45:23","guid":{"rendered":"https:\/\/graficaartealegria.com\/?post_type=product&#038;p=6386"},"modified":"2026-02-22T15:38:03","modified_gmt":"2026-02-22T15:38:03","slug":"proibido-fumar-18-cm-x-25cm-x-2mm-5","status":"publish","type":"product","link":"https:\/\/graficaartealegria.com\/?product=proibido-fumar-18-cm-x-25cm-x-2mm-5","title":{"rendered":"PROIBIDO FUMAR  18 cm X 25cm X 2mm"},"content":{"rendered":"<blockquote>\n<p style=\"text-align: center;\" align=\"center\"><strong><em> Placas de n\u00e3o fume <!--more--><\/em><\/strong><\/p>\n<p>Placas utilizadas para lembrar as pessoas que em determinados ambientes n\u00e3o se pode fumar.<\/p>\n<p><strong>Informa\u00e7\u00f5es T\u00e9cnicas do produto:<\/strong><\/p>\n<p><strong>Tipo de Material:<\/strong> PVC<\/p>\n<p><strong>Espessura:<\/strong> 2 mm<\/p>\n<p><strong>Impress\u00e3o:<\/strong> Frente<\/p>\n<p><strong> Impresso em: <\/strong> Colorido<\/p>\n<p><strong>Arte:<\/strong> Arte padr\u00e3o<\/p>\n<p><strong>Tamanho:<\/strong> 18 x 25 cm<\/p><\/blockquote>\n","protected":false},"excerpt":{"rendered":"<p><strong><em>Placa de n\u00e3o fume<\/em><\/strong>: PLACAS DE PROIBIDO FUMAR \u00e9 a maneira mais eficaz de indicar que na quele ambiente n\u00e3o se pode fumar. Normalmente colocado em \u00e1reas comuns de conv\u00edvio social, estas placas s\u00e3o colocadas na altura do olho ou em locais de destaque do hall de entrada. Nossas placas s\u00e3o feitas em PVC 2mm e todas as placas veem com um elemento de fixa\u00e7\u00e3o nas quatro pontas<\/p>\n","protected":false},"featured_media":6380,"comment_status":"open","ping_status":"closed","template":"","meta":{"_monsterinsights_skip_tracking":false,"_monsterinsights_sitenote_active":false,"_monsterinsights_sitenote_note":"","_monsterinsights_sitenote_category":0},"product_cat":[304,331],"product_tag":[344,356,357,354,338,358,360,345,339,349,348,347,336,333,350,334,361,351,341,359,353,352],"class_list":{"0":"post-6386","1":"product","2":"type-product","3":"status-publish","4":"has-post-thumbnail","6":"product_cat-placas","7":"product_cat-placas-de-nao-fume","8":"product_tag-banheiro-de-deficiente","9":"product_tag-banheiro-feminino","10":"product_tag-banheiro-masculino","11":"product_tag-cao-bravo","12":"product_tag-fornecedores-de-placas","13":"product_tag-material-de-sinalizacao","14":"product_tag-nao-fume","15":"product_tag-numeracao-de-andar","16":"product_tag-placa-de-cao-bravo","17":"product_tag-placa-de-wifi-free","18":"product_tag-placa-de-wifi-gratis","19":"product_tag-placa-de-wifi-zone","20":"product_tag-placa-em-pvc","21":"product_tag-placas-de-sinalizacao","22":"product_tag-placas-no-atacado","23":"product_tag-placas-para-banheiro","24":"product_tag-placas-para-identificacao-de-predios","25":"product_tag-placas-para-revenda","26":"product_tag-proibido-estacionar","27":"product_tag-proibido-fumar","28":"product_tag-sinalizacao-de-escritorios","29":"product_tag-sinalizacao-de-lojas","31":"first","32":"onbackorder","33":"taxable","34":"shipping-taxable","35":"purchasable","36":"product-type-simple","37":"col-xs-6 col-sm-4","38":"col-mf-5","39":"un-5-cols"},"aioseo_notices":[],"jetpack_sharing_enabled":true,"_links":{"self":[{"href":"https:\/\/graficaartealegria.com\/index.php?rest_route=\/wp\/v2\/product\/6386","targetHints":{"allow":["GET"]}}],"collection":[{"href":"https:\/\/graficaartealegria.com\/index.php?rest_route=\/wp\/v2\/product"}],"about":[{"href":"https:\/\/graficaartealegria.com\/index.php?rest_route=\/wp\/v2\/types\/product"}],"replies":[{"embeddable":true,"href":"https:\/\/graficaartealegria.com\/index.php?rest_route=%2Fwp%2Fv2%2Fcomments&post=6386"}],"wp:featuredmedia":[{"embeddable":true,"href":"https:\/\/graficaartealegria.com\/index.php?rest_route=\/wp\/v2\/media\/6380"}],"wp:attachment":[{"href":"https:\/\/graficaartealegria.com\/index.php?rest_route=%2Fwp%2Fv2%2Fmedia&parent=6386"}],"wp:term":[{"taxonomy":"product_cat","embeddable":true,"href":"https:\/\/graficaartealegria.com\/index.php?rest_route=%2Fwp%2Fv2%2Fproduct_cat&post=6386"},{"taxonomy":"product_tag","embeddable":true,"href":"https:\/\/graficaartealegria.com\/index.php?rest_route=%2Fwp%2Fv2%2Fproduct_tag&post=6386"}],"curies":[{"name":"wp","href":"https:\/\/api.w.org\/{rel}","templated":true}]}}