{"id":6417,"date":"2023-09-08T15:06:26","date_gmt":"2023-09-08T15:06:26","guid":{"rendered":"https:\/\/graficaartealegria.com\/?post_type=product&#038;p=6417"},"modified":"2026-02-22T15:29:51","modified_gmt":"2026-02-22T15:29:51","slug":"adesivo-da-moranguinho-corte-especial-5cm-x-5cm","status":"publish","type":"product","link":"https:\/\/graficaartealegria.com\/?product=adesivo-da-moranguinho-corte-especial-5cm-x-5cm","title":{"rendered":"ADESIVO DA MORANGUINHO CORTE ESPECIAL 5CM X 5CM"},"content":{"rendered":"<blockquote>\n<p style=\"text-align: center;\" align=\"center\"><strong><em>Adesivo da Moranguinho com corte especial 5cm x 5cm<br \/>\n<!--more--><\/em><\/strong><\/p>\n<p>Este adesivo \u00e9 no formado da personagem Moranguinho, com tamanho de 5cm x 5cm, conforme apresentado das fotos da personagem e do recorte<\/p>\n<p><strong>Informa\u00e7\u00f5es T\u00e9cnicas do produto:<\/strong><\/p>\n<p><strong>Tipo de Material: <\/strong>Corch\u00e9 90g<\/p>\n<p><strong>Altura: 5<\/strong>\u00a0cm<\/p>\n<p><strong>Largura: 5<\/strong>\u00a0cm<\/p>\n<p><strong>Personagem:<\/strong> Moranguinho<\/p><\/blockquote>\n","protected":false},"excerpt":{"rendered":"<p><strong><em>Adesivo da personagem Moranguinho: <\/em><\/strong>Estes adesivos, pode ser colado nos pacotes, ou em qualquer ou local de sua prefer\u00eancia, ela vem recortada no formato da personagem de forma individual.<\/p>\n","protected":false},"featured_media":6422,"comment_status":"open","ping_status":"closed","template":"","meta":{"_monsterinsights_skip_tracking":false,"_monsterinsights_sitenote_active":false,"_monsterinsights_sitenote_note":"","_monsterinsights_sitenote_category":0},"product_cat":[599,654],"product_tag":[657,656,658,655],"class_list":{"0":"post-6417","1":"product","2":"type-product","3":"status-publish","4":"has-post-thumbnail","6":"product_cat-adesivos-e-rotulos","7":"product_cat-personagens-infantis","8":"product_tag-adesivos-do-moranguinho","9":"product_tag-desenho-moranguinho","10":"product_tag-morango","11":"product_tag-moranguinho","13":"first","14":"instock","15":"shipping-taxable","16":"product-type-external","17":"col-xs-6 col-sm-4","18":"col-mf-5","19":"un-5-cols"},"aioseo_notices":[],"jetpack_sharing_enabled":true,"_links":{"self":[{"href":"https:\/\/graficaartealegria.com\/index.php?rest_route=\/wp\/v2\/product\/6417","targetHints":{"allow":["GET"]}}],"collection":[{"href":"https:\/\/graficaartealegria.com\/index.php?rest_route=\/wp\/v2\/product"}],"about":[{"href":"https:\/\/graficaartealegria.com\/index.php?rest_route=\/wp\/v2\/types\/product"}],"replies":[{"embeddable":true,"href":"https:\/\/graficaartealegria.com\/index.php?rest_route=%2Fwp%2Fv2%2Fcomments&post=6417"}],"wp:featuredmedia":[{"embeddable":true,"href":"https:\/\/graficaartealegria.com\/index.php?rest_route=\/wp\/v2\/media\/6422"}],"wp:attachment":[{"href":"https:\/\/graficaartealegria.com\/index.php?rest_route=%2Fwp%2Fv2%2Fmedia&parent=6417"}],"wp:term":[{"taxonomy":"product_cat","embeddable":true,"href":"https:\/\/graficaartealegria.com\/index.php?rest_route=%2Fwp%2Fv2%2Fproduct_cat&post=6417"},{"taxonomy":"product_tag","embeddable":true,"href":"https:\/\/graficaartealegria.com\/index.php?rest_route=%2Fwp%2Fv2%2Fproduct_tag&post=6417"}],"curies":[{"name":"wp","href":"https:\/\/api.w.org\/{rel}","templated":true}]}}